{"id":16,"date":"2025-09-15T21:52:05","date_gmt":"2025-09-16T00:52:05","guid":{"rendered":"https:\/\/sintari.com.br\/index.php\/minha-conta\/"},"modified":"2025-11-06T17:57:18","modified_gmt":"2025-11-06T20:57:18","slug":"minhaconta","status":"publish","type":"page","link":"https:\/\/sintari.com.br\/index.php\/minhaconta\/","title":{"rendered":"Minha conta"},"content":{"rendered":"\t\t<div data-elementor-type=\"wp-page\" data-elementor-id=\"16\" class=\"elementor elementor-16\" data-elementor-post-type=\"page\">\n\t\t\t\t<div class=\"elementor-element elementor-element-794b292f e-flex e-con-boxed e-con e-parent\" data-id=\"794b292f\" data-element_type=\"container\" data-e-type=\"container\">\n\t\t\t\t\t<div class=\"e-con-inner\">\n\t\t\t\t<div class=\"elementor-element elementor-element-539e5f2a elementor-hidden-desktop elementor-hidden-tablet elementor-hidden-mobile elementor-widget elementor-widget-text-editor\" data-id=\"539e5f2a\" data-element_type=\"widget\" data-e-type=\"widget\" data-widget_type=\"text-editor.default\">\n\t\t\t\t\t\t\t\t\t<div class=\"woocommerce\"><\/div>\n\t\t\t\t\t\t\t\t<\/div>\n\t\t\t\t<div class=\"elementor-element elementor-element-f446d52 e-my-account-tabs-horizontal elementor-widget elementor-widget-woocommerce-my-account\" data-id=\"f446d52\" data-element_type=\"widget\" data-e-type=\"widget\" data-widget_type=\"woocommerce-my-account.default\">\n\t\t\t\t\t<div class=\"e-my-account-tab e-my-account-tab__ \">\t\t\t<div class=\"woocommerce\"><\/div>\t\t<\/div>\n\t\t\t\t\t\t<\/div>\n\t\t\t\t\t<\/div>\n\t\t\t\t<\/div>\n\t\t\t\t<\/div>\n\t\t","protected":false},"excerpt":{"rendered":"<p>Painel Pedidos Downloads Endere\u00e7os Detalhes da Conta Sair Painel Pedidos Downloads Endere\u00e7os Detalhes da Conta Sair Ol\u00e1, wordpress_user (n\u00e3o \u00e9 wordpress_user? Sair) A partir do painel de controle de sua conta, voc\u00ea pode ver suas compras recentes, gerenciar seus endere\u00e7os de entrega e cobran\u00e7a, e editar sua senha e detalhes da conta.<\/p>\n","protected":false},"author":1,"featured_media":0,"parent":0,"menu_order":0,"comment_status":"closed","ping_status":"closed","template":"","meta":{"footnotes":""},"class_list":["post-16","page","type-page","status-publish","hentry"],"yoast_head":"<!-- This site is optimized with the Yoast SEO plugin v27.4 - https:\/\/yoast.com\/product\/yoast-seo-wordpress\/ -->\n<title>Minha conta - A\u00e7\u00facar e Canela<\/title>\n<meta name=\"robots\" content=\"noindex, follow, max-snippet:-1, max-image-preview:large, max-video-preview:-1\" \/>\n<meta property=\"og:locale\" content=\"pt_BR\" \/>\n<meta property=\"og:type\" content=\"article\" \/>\n<meta property=\"og:title\" content=\"Minha conta - A\u00e7\u00facar e Canela\" \/>\n<meta property=\"og:description\" content=\"Painel Pedidos Downloads Endere\u00e7os Detalhes da Conta Sair Painel Pedidos Downloads Endere\u00e7os Detalhes da Conta Sair Ol\u00e1, wordpress_user (n\u00e3o \u00e9 wordpress_user? Sair) A partir do painel de controle de sua conta, voc\u00ea pode ver suas compras recentes, gerenciar seus endere\u00e7os de entrega e cobran\u00e7a, e editar sua senha e detalhes da conta.\" \/>\n<meta property=\"og:url\" content=\"https:\/\/sintari.com.br\/index.php\/minhaconta\/\" \/>\n<meta property=\"og:site_name\" content=\"A\u00e7\u00facar e Canela\" \/>\n<meta property=\"article:modified_time\" content=\"2025-11-06T20:57:18+00:00\" \/>\n<meta name=\"twitter:card\" content=\"summary_large_image\" \/>\n<meta name=\"twitter:label1\" content=\"Est. tempo de leitura\" \/>\n\t<meta name=\"twitter:data1\" content=\"1 minuto\" \/>\n<script type=\"application\/ld+json\" class=\"yoast-schema-graph\">{\"@context\":\"https:\\\/\\\/schema.org\",\"@graph\":[{\"@type\":\"WebPage\",\"@id\":\"https:\\\/\\\/sintari.com.br\\\/index.php\\\/minhaconta\\\/\",\"url\":\"https:\\\/\\\/sintari.com.br\\\/index.php\\\/minhaconta\\\/\",\"name\":\"Minha conta - A\u00e7\u00facar e Canela\",\"isPartOf\":{\"@id\":\"https:\\\/\\\/sintari.com.br\\\/#website\"},\"datePublished\":\"2025-09-16T00:52:05+00:00\",\"dateModified\":\"2025-11-06T20:57:18+00:00\",\"breadcrumb\":{\"@id\":\"https:\\\/\\\/sintari.com.br\\\/index.php\\\/minhaconta\\\/#breadcrumb\"},\"inLanguage\":\"pt-BR\",\"potentialAction\":[{\"@type\":\"ReadAction\",\"target\":[\"https:\\\/\\\/sintari.com.br\\\/index.php\\\/minhaconta\\\/\"]}]},{\"@type\":\"BreadcrumbList\",\"@id\":\"https:\\\/\\\/sintari.com.br\\\/index.php\\\/minhaconta\\\/#breadcrumb\",\"itemListElement\":[{\"@type\":\"ListItem\",\"position\":1,\"name\":\"In\u00edcio\",\"item\":\"https:\\\/\\\/sintari.com.br\\\/\"},{\"@type\":\"ListItem\",\"position\":2,\"name\":\"Minha conta\"}]},{\"@type\":\"WebSite\",\"@id\":\"https:\\\/\\\/sintari.com.br\\\/#website\",\"url\":\"https:\\\/\\\/sintari.com.br\\\/\",\"name\":\"A\u00e7\u00facar e Canela\",\"description\":\"\",\"publisher\":{\"@id\":\"https:\\\/\\\/sintari.com.br\\\/#organization\"},\"potentialAction\":[{\"@type\":\"SearchAction\",\"target\":{\"@type\":\"EntryPoint\",\"urlTemplate\":\"https:\\\/\\\/sintari.com.br\\\/?s={search_term_string}\"},\"query-input\":{\"@type\":\"PropertyValueSpecification\",\"valueRequired\":true,\"valueName\":\"search_term_string\"}}],\"inLanguage\":\"pt-BR\"},{\"@type\":\"Organization\",\"@id\":\"https:\\\/\\\/sintari.com.br\\\/#organization\",\"name\":\"A\u00e7\u00facar e Canela\",\"url\":\"https:\\\/\\\/sintari.com.br\\\/\",\"logo\":{\"@type\":\"ImageObject\",\"inLanguage\":\"pt-BR\",\"@id\":\"https:\\\/\\\/sintari.com.br\\\/#\\\/schema\\\/logo\\\/image\\\/\",\"url\":\"https:\\\/\\\/sintari.com.br\\\/wp-content\\\/uploads\\\/2025\\\/09\\\/Property-1Light_Logo.png\",\"contentUrl\":\"https:\\\/\\\/sintari.com.br\\\/wp-content\\\/uploads\\\/2025\\\/09\\\/Property-1Light_Logo.png\",\"width\":238,\"height\":238,\"caption\":\"A\u00e7\u00facar e Canela\"},\"image\":{\"@id\":\"https:\\\/\\\/sintari.com.br\\\/#\\\/schema\\\/logo\\\/image\\\/\"}}]}<\/script>\n<!-- \/ Yoast SEO plugin. -->","yoast_head_json":{"title":"Minha conta - A\u00e7\u00facar e Canela","robots":{"index":"noindex","follow":"follow","max-snippet":"max-snippet:-1","max-image-preview":"max-image-preview:large","max-video-preview":"max-video-preview:-1"},"og_locale":"pt_BR","og_type":"article","og_title":"Minha conta - A\u00e7\u00facar e Canela","og_description":"Painel Pedidos Downloads Endere\u00e7os Detalhes da Conta Sair Painel Pedidos Downloads Endere\u00e7os Detalhes da Conta Sair Ol\u00e1, wordpress_user (n\u00e3o \u00e9 wordpress_user? Sair) A partir do painel de controle de sua conta, voc\u00ea pode ver suas compras recentes, gerenciar seus endere\u00e7os de entrega e cobran\u00e7a, e editar sua senha e detalhes da conta.","og_url":"https:\/\/sintari.com.br\/index.php\/minhaconta\/","og_site_name":"A\u00e7\u00facar e Canela","article_modified_time":"2025-11-06T20:57:18+00:00","twitter_card":"summary_large_image","twitter_misc":{"Est. tempo de leitura":"1 minuto"},"schema":{"@context":"https:\/\/schema.org","@graph":[{"@type":"WebPage","@id":"https:\/\/sintari.com.br\/index.php\/minhaconta\/","url":"https:\/\/sintari.com.br\/index.php\/minhaconta\/","name":"Minha conta - A\u00e7\u00facar e Canela","isPartOf":{"@id":"https:\/\/sintari.com.br\/#website"},"datePublished":"2025-09-16T00:52:05+00:00","dateModified":"2025-11-06T20:57:18+00:00","breadcrumb":{"@id":"https:\/\/sintari.com.br\/index.php\/minhaconta\/#breadcrumb"},"inLanguage":"pt-BR","potentialAction":[{"@type":"ReadAction","target":["https:\/\/sintari.com.br\/index.php\/minhaconta\/"]}]},{"@type":"BreadcrumbList","@id":"https:\/\/sintari.com.br\/index.php\/minhaconta\/#breadcrumb","itemListElement":[{"@type":"ListItem","position":1,"name":"In\u00edcio","item":"https:\/\/sintari.com.br\/"},{"@type":"ListItem","position":2,"name":"Minha conta"}]},{"@type":"WebSite","@id":"https:\/\/sintari.com.br\/#website","url":"https:\/\/sintari.com.br\/","name":"A\u00e7\u00facar e Canela","description":"","publisher":{"@id":"https:\/\/sintari.com.br\/#organization"},"potentialAction":[{"@type":"SearchAction","target":{"@type":"EntryPoint","urlTemplate":"https:\/\/sintari.com.br\/?s={search_term_string}"},"query-input":{"@type":"PropertyValueSpecification","valueRequired":true,"valueName":"search_term_string"}}],"inLanguage":"pt-BR"},{"@type":"Organization","@id":"https:\/\/sintari.com.br\/#organization","name":"A\u00e7\u00facar e Canela","url":"https:\/\/sintari.com.br\/","logo":{"@type":"ImageObject","inLanguage":"pt-BR","@id":"https:\/\/sintari.com.br\/#\/schema\/logo\/image\/","url":"https:\/\/sintari.com.br\/wp-content\/uploads\/2025\/09\/Property-1Light_Logo.png","contentUrl":"https:\/\/sintari.com.br\/wp-content\/uploads\/2025\/09\/Property-1Light_Logo.png","width":238,"height":238,"caption":"A\u00e7\u00facar e Canela"},"image":{"@id":"https:\/\/sintari.com.br\/#\/schema\/logo\/image\/"}}]}},"_links":{"self":[{"href":"https:\/\/sintari.com.br\/index.php\/wp-json\/wp\/v2\/pages\/16","targetHints":{"allow":["GET"]}}],"collection":[{"href":"https:\/\/sintari.com.br\/index.php\/wp-json\/wp\/v2\/pages"}],"about":[{"href":"https:\/\/sintari.com.br\/index.php\/wp-json\/wp\/v2\/types\/page"}],"author":[{"embeddable":true,"href":"https:\/\/sintari.com.br\/index.php\/wp-json\/wp\/v2\/users\/1"}],"replies":[{"embeddable":true,"href":"https:\/\/sintari.com.br\/index.php\/wp-json\/wp\/v2\/comments?post=16"}],"version-history":[{"count":4,"href":"https:\/\/sintari.com.br\/index.php\/wp-json\/wp\/v2\/pages\/16\/revisions"}],"predecessor-version":[{"id":187,"href":"https:\/\/sintari.com.br\/index.php\/wp-json\/wp\/v2\/pages\/16\/revisions\/187"}],"wp:attachment":[{"href":"https:\/\/sintari.com.br\/index.php\/wp-json\/wp\/v2\/media?parent=16"}],"curies":[{"name":"wp","href":"https:\/\/api.w.org\/{rel}","templated":true}]}}